{"id":57,"date":"2023-07-01T11:07:40","date_gmt":"2023-07-01T11:07:40","guid":{"rendered":"https:\/\/nortepolpas.com.br\/?page_id=57"},"modified":"2023-07-01T11:07:40","modified_gmt":"2023-07-01T11:07:40","slug":"nosso-ingrediente","status":"publish","type":"page","link":"https:\/\/nortepolpas.com.br\/blog\/nosso-ingrediente\/","title":{"rendered":"A NORTE POLPAS"},"content":{"rendered":"<div class=\"wp-block-image\">\n<figure class=\"alignleft size-full\"><img decoding=\"async\" src=\"https:\/\/nortepolpas.com.br\/wp-content\/uploads\/2023\/07\/acerola_nortepolpas_home-1-1.png\" alt=\"\" class=\"wp-image-232\"\/><\/figure>\n<\/div>\n\n\n<p><\/p>\n\n\n\n<p>A Norte Polpas se destaca como refer\u00eancia na produ\u00e7\u00e3o de polpas de frutas de alta qualidade, com sabor natural e uma dedica\u00e7\u00e3o inigual\u00e1vel. Fundada no final de 2021, nossa ind\u00fastria tem como base a preserva\u00e7\u00e3o da riqueza natural da Amaz\u00f4nia, respeitando a vida e o meio ambiente. Conhe\u00e7a mais sobre nossos diferenciais e como oferecemos produtos de excel\u00eancia atrav\u00e9s da utiliza\u00e7\u00e3o de tecnologias de ponta.<\/p>\n\n\n\n<h2 class=\"wp-block-heading has-text-align-center\"><strong>TRANSPAR\u00caNCIA, DEDICA\u00c7\u00c3O, TECNOLOGIAS DE PONTA<\/strong><\/h2>\n\n\n\n<p>Ingredientes da <a href=\"https:\/\/nortepolpas.com.br\/\">Norte Polpas<\/a> para oferecer polpas de frutas com os melhores sabores.<\/p>\n\n\n\n<p>O sabor natural vem do aproveitamento integral das polpas das frutas. Voc\u00ea pode degust\u00e1-las em sucos, <a href=\"https:\/\/pt.wikipedia.org\/wiki\/Coquetel\">coquet\u00e9is<\/a>, vitaminas, iogurtes, al\u00e9m de outras iguarias que permitam a imagina\u00e7\u00e3o e o talento culin\u00e1rio.<\/p>\n\n\n\n<p>A Norte Polpas nasceu com o  desejo de entregar produtos de alta qualidade sem comprometer a riqueza natural da Amaz\u00f4nia. Nossos valores incluem respeito \u00e0 vida e ao meio ambiente, sendo nossa responsabilidade preservar os recursos naturais que tornam nossas polpas t\u00e3o especiais.<\/p>\n\n\n\n<p>Nossos valores fundamentais s\u00e3o a base de cada a\u00e7\u00e3o que realizamos na Norte Polpas. Comprometemo-nos a entregar produtos de excel\u00eancia, sempre com humildade e honestidade em nossas pr\u00e1ticas.<\/p>\n\n\n\n<h2 class=\"wp-block-heading has-text-align-left\"><mark style=\"background-color:rgba(0, 0, 0, 0)\" class=\"has-inline-color has-vivid-red-color\"><strong>CAPACIDADE DE PRODU\u00c7\u00c3O<\/strong><\/mark><\/h2>\n\n\n\n<h2 class=\"wp-block-heading has-text-align-left\"><mark style=\"background-color:rgba(0, 0, 0, 0)\" class=\"has-inline-color has-vivid-red-color\"><strong>50.000 QUILOS POR M\u00caS<\/strong><\/mark><\/h2>\n\n\n\n<p>Fundada em 2022, com sede estrategicamente localizada na regi\u00e3o amaz\u00f4nica. Desde o in\u00edcio, o objetivo da empresa sempre tem sido fornecer polpas de frutas de qualidade aos consumidores, preservando a riqueza natural da Amaz\u00f4nia.<\/p>\n\n\n\n<p>Temos respeito a vida e ao meio ambiente, responsabilidade, qualidade, comprometimento, humildade e honestidade.<\/p>\n\n\n\n<p>A Norte Polpas \u00e9 a escolha ideal para quem busca polpas de frutas com sabor natural, qualidade superior e uma empresa comprometida com a preserva\u00e7\u00e3o ambiental e valores \u00e9ticos. Nossa capacidade de produ\u00e7\u00e3o invej\u00e1vel, aliada \u00e0 dedica\u00e7\u00e3o, transpar\u00eancia e tecnologias de ponta, nos permite oferecer uma experi\u00eancia \u00fanica em sabores aut\u00eanticos da Amaz\u00f4nia. <\/p>\n\n\n\n<p>Experimente nossas polpas e mergulhe na riqueza natural que temos a oferecer.<\/p>\n\n\n\n<div style=\"height:100px\" aria-hidden=\"true\" class=\"wp-block-spacer\"><\/div>\n\n\n<div class=\"wp-block-image\">\n<figure class=\"aligncenter size-large is-resized\"><img loading=\"lazy\" decoding=\"async\" width=\"1024\" height=\"183\" src=\"https:\/\/nortepolpas.com.br\/wp-content\/uploads\/2023\/07\/cropped-topo_dna_nortepolpas-1-1024x183.jpg\" alt=\"\" class=\"wp-image-121\" style=\"width:180px;height:32px\" srcset=\"https:\/\/nortepolpas.com.br\/blog\/wp-content\/uploads\/2023\/07\/cropped-topo_dna_nortepolpas-1-1024x183.jpg 1024w, https:\/\/nortepolpas.com.br\/blog\/wp-content\/uploads\/2023\/07\/cropped-topo_dna_nortepolpas-1-300x54.jpg 300w, https:\/\/nortepolpas.com.br\/blog\/wp-content\/uploads\/2023\/07\/cropped-topo_dna_nortepolpas-1-768x137.jpg 768w, https:\/\/nortepolpas.com.br\/blog\/wp-content\/uploads\/2023\/07\/cropped-topo_dna_nortepolpas-1.jpg 1400w\" sizes=\"auto, (max-width: 1024px) 100vw, 1024px\" \/><\/figure>\n<\/div>\n\n<div class=\"wp-block-image\">\n<figure class=\"aligncenter size-large is-resized\"><img loading=\"lazy\" decoding=\"async\" width=\"1024\" height=\"148\" src=\"https:\/\/nortepolpas.com.br\/wp-content\/uploads\/2023\/07\/topo_dna2_nortepolpas-1-1024x148.jpg\" alt=\"\" class=\"wp-image-86\" style=\"width:265px;height:37px\" srcset=\"https:\/\/nortepolpas.com.br\/blog\/wp-content\/uploads\/2023\/07\/topo_dna2_nortepolpas-1-1024x148.jpg 1024w, https:\/\/nortepolpas.com.br\/blog\/wp-content\/uploads\/2023\/07\/topo_dna2_nortepolpas-1-300x43.jpg 300w, https:\/\/nortepolpas.com.br\/blog\/wp-content\/uploads\/2023\/07\/topo_dna2_nortepolpas-1-768x111.jpg 768w, https:\/\/nortepolpas.com.br\/blog\/wp-content\/uploads\/2023\/07\/topo_dna2_nortepolpas-1.jpg 1401w\" sizes=\"auto, (max-width: 1024px) 100vw, 1024px\" \/><\/figure>\n<\/div>","protected":false},"excerpt":{"rendered":"<p>A Norte Polpas se destaca como refer\u00eancia na produ\u00e7\u00e3o de polpas de frutas de alta qualidade, com sabor natural e uma dedica\u00e7\u00e3o inigual\u00e1vel. Fundada no final de 2021, nossa ind\u00fastria tem como base a preserva\u00e7\u00e3o da riqueza natural da Amaz\u00f4nia, respeitando a vida e o meio ambiente. Conhe\u00e7a mais sobre nossos diferenciais e como oferecemos [&hellip;]<\/p>\n","protected":false},"author":1,"featured_media":0,"parent":0,"menu_order":0,"comment_status":"closed","ping_status":"closed","template":"","meta":{"footnotes":""},"class_list":["post-57","page","type-page","status-publish","hentry"],"_links":{"self":[{"href":"https:\/\/nortepolpas.com.br\/blog\/wp-json\/wp\/v2\/pages\/57","targetHints":{"allow":["GET"]}}],"collection":[{"href":"https:\/\/nortepolpas.com.br\/blog\/wp-json\/wp\/v2\/pages"}],"about":[{"href":"https:\/\/nortepolpas.com.br\/blog\/wp-json\/wp\/v2\/types\/page"}],"author":[{"embeddable":true,"href":"https:\/\/nortepolpas.com.br\/blog\/wp-json\/wp\/v2\/users\/1"}],"replies":[{"embeddable":true,"href":"https:\/\/nortepolpas.com.br\/blog\/wp-json\/wp\/v2\/comments?post=57"}],"version-history":[{"count":0,"href":"https:\/\/nortepolpas.com.br\/blog\/wp-json\/wp\/v2\/pages\/57\/revisions"}],"wp:attachment":[{"href":"https:\/\/nortepolpas.com.br\/blog\/wp-json\/wp\/v2\/media?parent=57"}],"curies":[{"name":"wp","href":"https:\/\/api.w.org\/{rel}","templated":true}]}}