{"id":154,"date":"2023-07-03T18:06:34","date_gmt":"2023-07-03T18:06:34","guid":{"rendered":"https:\/\/nortepolpas.com.br\/?page_id=154"},"modified":"2023-07-03T18:06:34","modified_gmt":"2023-07-03T18:06:34","slug":"nossos-produtos","status":"publish","type":"page","link":"https:\/\/nortepolpas.com.br\/blog\/nossos-produtos\/","title":{"rendered":"NOSSOS PRODUTOS"},"content":{"rendered":"\n<figure class=\"wp-block-image size-large\"><img loading=\"lazy\" decoding=\"async\" width=\"1024\" height=\"571\" src=\"https:\/\/nortepolpas.com.br\/wp-content\/uploads\/2023\/07\/produto_acerola_nortepolpas-1-1024x571.png\" alt=\"\" class=\"wp-image-159\" srcset=\"https:\/\/nortepolpas.com.br\/blog\/wp-content\/uploads\/2023\/07\/produto_acerola_nortepolpas-1-1024x571.png 1024w, https:\/\/nortepolpas.com.br\/blog\/wp-content\/uploads\/2023\/07\/produto_acerola_nortepolpas-1-300x167.png 300w, https:\/\/nortepolpas.com.br\/blog\/wp-content\/uploads\/2023\/07\/produto_acerola_nortepolpas-1-768x428.png 768w, https:\/\/nortepolpas.com.br\/blog\/wp-content\/uploads\/2023\/07\/produto_acerola_nortepolpas-1.png 1091w\" sizes=\"auto, (max-width: 1024px) 100vw, 1024px\" \/><\/figure>\n\n\n\n<p><strong>POLPA DE ACEROLA<\/strong><\/p>\n\n\n\n<p>A polpa de acerola \u00e9 eficaz contra infec\u00e7\u00f5es, resfriados e gripes. Al\u00e9m disso, reduz a incid\u00eancia de ataques card\u00edacos, acelera as cicatriza\u00e7\u00f5es p\u00f3s-cir\u00fargicas e aumenta a efici\u00eancia f\u00edsica. \u00c9 uma das frutas mais ricas em vitamina C, antioxidante.<\/p>\n\n\n\n<hr class=\"wp-block-separator has-alpha-channel-opacity\"\/>\n\n\n\n<figure class=\"wp-block-image size-large\"><img loading=\"lazy\" decoding=\"async\" width=\"1024\" height=\"576\" src=\"https:\/\/nortepolpas.com.br\/wp-content\/uploads\/2023\/07\/produto_goiaba2_nortepolpas-1-1024x576.png\" alt=\"\" class=\"wp-image-161\" srcset=\"https:\/\/nortepolpas.com.br\/blog\/wp-content\/uploads\/2023\/07\/produto_goiaba2_nortepolpas-1-1024x576.png 1024w, https:\/\/nortepolpas.com.br\/blog\/wp-content\/uploads\/2023\/07\/produto_goiaba2_nortepolpas-1-300x169.png 300w, https:\/\/nortepolpas.com.br\/blog\/wp-content\/uploads\/2023\/07\/produto_goiaba2_nortepolpas-1-768x432.png 768w, https:\/\/nortepolpas.com.br\/blog\/wp-content\/uploads\/2023\/07\/produto_goiaba2_nortepolpas-1.png 1086w\" sizes=\"auto, (max-width: 1024px) 100vw, 1024px\" \/><\/figure>\n\n\n\n<p><strong>POLPA DE GOIABA<\/strong><\/p>\n\n\n\n<p>Rica em fonte de vitamina C, tem n\u00edveis at\u00e9 5 vezes maior que a laranja. Possui ainda vitamina A e B al\u00e9m de sais minerais como c\u00e1lcio, ferro e fosforo. Ajuda no combate de diarreias, inflama\u00e7\u00f5es na boca e garganta al\u00e9m de \u00falceras e leucorreia.<\/p>\n\n\n\n<hr class=\"wp-block-separator has-alpha-channel-opacity\"\/>\n\n\n\n<figure class=\"wp-block-image size-large\"><img loading=\"lazy\" decoding=\"async\" width=\"1024\" height=\"578\" src=\"https:\/\/nortepolpas.com.br\/wp-content\/uploads\/2023\/07\/produto_cupuacu_nortepolpas-1-1024x578.png\" alt=\"\" class=\"wp-image-162\" srcset=\"https:\/\/nortepolpas.com.br\/blog\/wp-content\/uploads\/2023\/07\/produto_cupuacu_nortepolpas-1-1024x578.png 1024w, https:\/\/nortepolpas.com.br\/blog\/wp-content\/uploads\/2023\/07\/produto_cupuacu_nortepolpas-1-300x169.png 300w, https:\/\/nortepolpas.com.br\/blog\/wp-content\/uploads\/2023\/07\/produto_cupuacu_nortepolpas-1-768x434.png 768w, https:\/\/nortepolpas.com.br\/blog\/wp-content\/uploads\/2023\/07\/produto_cupuacu_nortepolpas-1.png 1093w\" sizes=\"auto, (max-width: 1024px) 100vw, 1024px\" \/><\/figure>\n\n\n\n<p><strong>POLPA DE CUPUA\u00c7U<\/strong><\/p>\n\n\n\n<p>O cupua\u00e7u possui fitonutrientes antioxidantes; nove antioxidantes poderosos como a vitamina A e vitamina C; vitaminas B1, B2, B3, amino\u00e1cidos, polifen\u00f3is \u00fanicos; fibras, e al\u00e9m disso possui minerais como c\u00e1lcio, f\u00f3sforo, sel\u00eanio, entre outros.<\/p>\n\n\n\n<hr class=\"wp-block-separator has-alpha-channel-opacity\"\/>\n\n\n\n<figure class=\"wp-block-image size-large\"><img loading=\"lazy\" decoding=\"async\" width=\"1024\" height=\"568\" src=\"https:\/\/nortepolpas.com.br\/wp-content\/uploads\/2023\/07\/produto_acai_nortepolpas-1-1024x568.png\" alt=\"\" class=\"wp-image-163\" srcset=\"https:\/\/nortepolpas.com.br\/blog\/wp-content\/uploads\/2023\/07\/produto_acai_nortepolpas-1-1024x568.png 1024w, https:\/\/nortepolpas.com.br\/blog\/wp-content\/uploads\/2023\/07\/produto_acai_nortepolpas-1-300x167.png 300w, https:\/\/nortepolpas.com.br\/blog\/wp-content\/uploads\/2023\/07\/produto_acai_nortepolpas-1-768x426.png 768w, https:\/\/nortepolpas.com.br\/blog\/wp-content\/uploads\/2023\/07\/produto_acai_nortepolpas-1.png 1090w\" sizes=\"auto, (max-width: 1024px) 100vw, 1024px\" \/><\/figure>\n\n\n\n<p><strong>POLPA DE A\u00c7A\u00cd<\/strong><\/p>\n\n\n\n<p>O a\u00e7a\u00ed possui propriedades que auxiliam nas fun\u00e7\u00f5es de mem\u00f3ria, reposi\u00e7\u00e3o energ\u00e9tica, preven\u00e7\u00e3o de doen\u00e7as cardiovasculares e no bom funcionamento do intestino. <\/p>\n\n\n\n<p>Quais os benef\u00edcios deste fruto?<\/p>\n\n\n\n<p>O a\u00e7a\u00ed \u00e9 um alimento rico em prote\u00ednas, gordura vegetal, vitaminas (B1, C e E), minerais, fibras, etc.<\/p>\n","protected":false},"excerpt":{"rendered":"<p>POLPA DE ACEROLA A polpa de acerola \u00e9 eficaz contra infec\u00e7\u00f5es, resfriados e gripes. Al\u00e9m disso, reduz a incid\u00eancia de ataques card\u00edacos, acelera as cicatriza\u00e7\u00f5es p\u00f3s-cir\u00fargicas e aumenta a efici\u00eancia f\u00edsica. \u00c9 uma das frutas mais ricas em vitamina C, antioxidante. POLPA DE GOIABA Rica em fonte de vitamina C, tem n\u00edveis at\u00e9 5 vezes [&hellip;]<\/p>\n","protected":false},"author":1,"featured_media":0,"parent":0,"menu_order":0,"comment_status":"closed","ping_status":"closed","template":"","meta":{"footnotes":""},"class_list":["post-154","page","type-page","status-publish","hentry"],"_links":{"self":[{"href":"https:\/\/nortepolpas.com.br\/blog\/wp-json\/wp\/v2\/pages\/154","targetHints":{"allow":["GET"]}}],"collection":[{"href":"https:\/\/nortepolpas.com.br\/blog\/wp-json\/wp\/v2\/pages"}],"about":[{"href":"https:\/\/nortepolpas.com.br\/blog\/wp-json\/wp\/v2\/types\/page"}],"author":[{"embeddable":true,"href":"https:\/\/nortepolpas.com.br\/blog\/wp-json\/wp\/v2\/users\/1"}],"replies":[{"embeddable":true,"href":"https:\/\/nortepolpas.com.br\/blog\/wp-json\/wp\/v2\/comments?post=154"}],"version-history":[{"count":0,"href":"https:\/\/nortepolpas.com.br\/blog\/wp-json\/wp\/v2\/pages\/154\/revisions"}],"wp:attachment":[{"href":"https:\/\/nortepolpas.com.br\/blog\/wp-json\/wp\/v2\/media?parent=154"}],"curies":[{"name":"wp","href":"https:\/\/api.w.org\/{rel}","templated":true}]}}